{"id":424,"date":"2020-09-27T13:45:12","date_gmt":"2020-09-27T13:45:12","guid":{"rendered":"https:\/\/pragmadesign.com.ar\/eshop\/?post_type=product&#038;p=424"},"modified":"2020-09-27T13:45:13","modified_gmt":"2020-09-27T13:45:13","slug":"apuntes-anillados-impresion","status":"publish","type":"product","link":"https:\/\/pragmadesign.com.ar\/eshop\/producto\/apuntes-anillados-impresion\/","title":{"rendered":"APUNTES-ANILLADOS-IMPRESION"},"content":{"rendered":"<p>Impresi\u00f3n de Apuntes<br \/>\nImpresi\u00f3n en tinta negra desde archivos PDF o Word<\/p>\n<p>Papel obra 80 grs de primera calidad \u201cLedesma\u201d<br \/>\nImpresi\u00f3n simple faz o doble faz<\/p>\n<p>Encuadernaci\u00f3n: anillado met\u00e1lico, doble alambre \u201cRing Wire\u201d<\/p>\n<p>HACEMOS FACTURA A Y B<\/p>\n","protected":false},"excerpt":{"rendered":"<p>Impresi\u00f3n de Apuntes Impresi\u00f3n en tinta negra desde archivos PDF o Word Papel obra 80 grs de primera calidad \u201cLedesma\u201d Impresi\u00f3n simple faz o doble faz Encuadernaci\u00f3n: anillado met\u00e1lico, doble alambre \u201cRing Wire\u201d HACEMOS FACTURA A Y B<\/p>\n","protected":false},"featured_media":425,"template":"","meta":[],"product_brand":[],"product_cat":[36],"product_tag":[],"class_list":{"0":"post-424","1":"product","2":"type-product","3":"status-publish","4":"has-post-thumbnail","6":"product_cat-tienda","8":"first","9":"instock","10":"taxable","11":"shipping-taxable","12":"product-type-simple"},"_links":{"self":[{"href":"https:\/\/pragmadesign.com.ar\/eshop\/wp-json\/wp\/v2\/product\/424","targetHints":{"allow":["GET"]}}],"collection":[{"href":"https:\/\/pragmadesign.com.ar\/eshop\/wp-json\/wp\/v2\/product"}],"about":[{"href":"https:\/\/pragmadesign.com.ar\/eshop\/wp-json\/wp\/v2\/types\/product"}],"wp:featuredmedia":[{"embeddable":true,"href":"https:\/\/pragmadesign.com.ar\/eshop\/wp-json\/wp\/v2\/media\/425"}],"wp:attachment":[{"href":"https:\/\/pragmadesign.com.ar\/eshop\/wp-json\/wp\/v2\/media?parent=424"}],"wp:term":[{"taxonomy":"product_brand","embeddable":true,"href":"https:\/\/pragmadesign.com.ar\/eshop\/wp-json\/wp\/v2\/product_brand?post=424"},{"taxonomy":"product_cat","embeddable":true,"href":"https:\/\/pragmadesign.com.ar\/eshop\/wp-json\/wp\/v2\/product_cat?post=424"},{"taxonomy":"product_tag","embeddable":true,"href":"https:\/\/pragmadesign.com.ar\/eshop\/wp-json\/wp\/v2\/product_tag?post=424"}],"curies":[{"name":"wp","href":"https:\/\/api.w.org\/{rel}","templated":true}]}}