{"id":704,"date":"2022-11-08T15:42:10","date_gmt":"2022-11-08T15:42:10","guid":{"rendered":"https:\/\/pragmadesign.com.ar\/eshop\/?post_type=product&#038;p=704"},"modified":"2022-11-08T15:42:11","modified_gmt":"2022-11-08T15:42:11","slug":"tarjeta-credencial-para-personal-empresas-identificacion","status":"publish","type":"product","link":"https:\/\/pragmadesign.com.ar\/eshop\/producto\/tarjeta-credencial-para-personal-empresas-identificacion\/","title":{"rendered":"TARJETA CREDENCIAL PARA PERSONAL EMPRESAS &#8211; IDENTIFICACION"},"content":{"rendered":"<p>TARJETA CREDENCIAL PARA PERSONAL EMPRESAS &#8211; IDENTIFICACION<\/p>\n<p>SIMPLE Y DOBLE FAZ &#8211; CON ADICIONAL OPCIONAL DE CINTA COLGANTE COMUN O IMPRESA<\/p>\n<p>tarjetas con estilo e impacto, con dise\u00f1os exclusivos que se adaptan a sus necesidades.<\/p>\n<p>Para todo tipo de clientes y vol\u00famenes de trabajo. Impresiones en offset y transferencia t\u00e9rmica.<\/p>\n<p>Tarjetas de m\u00e1xima calidad en tama\u00f1o est\u00e1ndar (Largo 8,5 cm Alto 5,4 cm).<\/p>\n<p>Impermeables e irrompibles, de material sint\u00e9tico que resiste l\u00edquidos y sustancias abrasivas.<\/p>\n<p>Realizamos impresiones con fotos personalizadas full color, logos, datos variables, y m\u00e1s.<\/p>\n<p>PEDIDO MINIMO 50 UNIDADES<\/p>\n<p>CONSULTE PARA MAYOR ASESORAMIENTO<\/p>\n","protected":false},"excerpt":{"rendered":"<p>TARJETA CREDENCIAL PARA PERSONAL EMPRESAS &#8211; IDENTIFICACION<\/p>\n<p>SIMPLE Y DOBLE FAZ &#8211; CON ADICIONAL OPCIONAL DE CINTA COLGANTE COMUN O IMPRESA<\/p>\n<p>tarjetas con estilo e impacto, con dise\u00f1os exclusivos que se adaptan a sus necesidades.<\/p>\n<p>Para todo tipo de clientes y vol\u00famenes de trabajo. Impresiones en offset y transferencia t\u00e9rmica.<\/p>\n<p>Tarjetas de m\u00e1xima calidad en tama\u00f1o est\u00e1ndar (Largo 8,5 cm Alto 5,4 cm).<\/p>\n<p>Impermeables e irrompibles, de material sint\u00e9tico que resiste l\u00edquidos y sustancias abrasivas.<\/p>\n<p>Realizamos impresiones con fotos personalizadas full color, logos, datos variables, y m\u00e1s.<\/p>\n<p>PEDIDO MINIMO 50 UNIDADES<\/p>\n<p>CONSULTE PARA MAYOR ASESORAMIENTO<\/p>\n","protected":false},"featured_media":705,"template":"","meta":[],"product_brand":[],"product_cat":[36],"product_tag":[],"class_list":{"0":"post-704","1":"product","2":"type-product","3":"status-publish","4":"has-post-thumbnail","6":"product_cat-tienda","8":"first","9":"instock","10":"taxable","11":"shipping-taxable","12":"product-type-simple"},"_links":{"self":[{"href":"https:\/\/pragmadesign.com.ar\/eshop\/wp-json\/wp\/v2\/product\/704","targetHints":{"allow":["GET"]}}],"collection":[{"href":"https:\/\/pragmadesign.com.ar\/eshop\/wp-json\/wp\/v2\/product"}],"about":[{"href":"https:\/\/pragmadesign.com.ar\/eshop\/wp-json\/wp\/v2\/types\/product"}],"wp:featuredmedia":[{"embeddable":true,"href":"https:\/\/pragmadesign.com.ar\/eshop\/wp-json\/wp\/v2\/media\/705"}],"wp:attachment":[{"href":"https:\/\/pragmadesign.com.ar\/eshop\/wp-json\/wp\/v2\/media?parent=704"}],"wp:term":[{"taxonomy":"product_brand","embeddable":true,"href":"https:\/\/pragmadesign.com.ar\/eshop\/wp-json\/wp\/v2\/product_brand?post=704"},{"taxonomy":"product_cat","embeddable":true,"href":"https:\/\/pragmadesign.com.ar\/eshop\/wp-json\/wp\/v2\/product_cat?post=704"},{"taxonomy":"product_tag","embeddable":true,"href":"https:\/\/pragmadesign.com.ar\/eshop\/wp-json\/wp\/v2\/product_tag?post=704"}],"curies":[{"name":"wp","href":"https:\/\/api.w.org\/{rel}","templated":true}]}}