{"id":751,"date":"2022-12-27T15:02:30","date_gmt":"2022-12-27T15:02:30","guid":{"rendered":"https:\/\/pragmadesign.com.ar\/eshop\/?post_type=product&#038;p=751"},"modified":"2026-02-02T18:56:59","modified_gmt":"2026-02-02T18:56:59","slug":"pulseras-de-tela-eventos","status":"publish","type":"product","link":"https:\/\/pragmadesign.com.ar\/eshop\/producto\/pulseras-de-tela-eventos\/","title":{"rendered":"Pulseras de Tela &#8211; eventos"},"content":{"rendered":"<p>Pulseras de Tela (pedido minimo 500 unidades)<\/p>\n<p>&nbsp;<\/p>\n<p>Las <strong>Pulseras de Tela<\/strong>, sublimadas a todo color, con broche de seguridad, son intransferibles. Ideales para el control y la<strong>\u00a0identificaci\u00f3n<\/strong>\u00a0de personas en\u00a0<strong>accesos a eventos<\/strong>. No desti\u00f1en, no manchan; no se desgarran, resisten al tiempo y al agua. Permiten impresi\u00f3n personalizada full color, para una r\u00e1pida\u00a0<strong>identificaci\u00f3n<\/strong>.<\/p>\n<p>Permite la inclusi\u00f3n de fotograf\u00edas o dibujos con alta resoluci\u00f3n.<\/p>\n<h4>Medidas del producto<\/h4>\n<p>\u2022 Alto: 20,00 mm (\u00be\u201d Pulgada) \u00a0x \u00a0Ancho: 300mm.<\/p>\n<h4>Presentaci\u00f3n<\/h4>\n<p>\u2022 Pulseras sueltas por unidad \u2022 Se entregan con broche\u00a0<strong><em>POR SEPARADO<\/em><\/strong><\/p>\n","protected":false},"excerpt":{"rendered":"<p>Pulseras de Tela (pedido minimo 500 unidades)<\/p>\n<p>&nbsp;<\/p>\n<p>Las <strong>Pulseras de Tela<\/strong>, sublimadas a todo color, con broche de seguridad, son intransferibles. Ideales para el control y la<strong>\u00a0identificaci\u00f3n<\/strong>\u00a0de personas en\u00a0<strong>accesos a eventos<\/strong>. No desti\u00f1en, no manchan; no se desgarran, resisten al tiempo y al agua. Permiten impresi\u00f3n personalizada full color, para una r\u00e1pida\u00a0<strong>identificaci\u00f3n<\/strong>.<\/p>\n<p>Permite la inclusi\u00f3n de fotograf\u00edas o dibujos con alta resoluci\u00f3n.<\/p>\n<h4>Medidas del producto<\/h4>\n<p>\u2022 Alto: 20,00 mm (\u00be\u201d Pulgada) \u00a0x \u00a0Ancho: 300mm.<\/p>\n<h4>Presentaci\u00f3n<\/h4>\n<p>\u2022 Pulseras sueltas por unidad \u2022 Se entregan con broche\u00a0<strong><em>POR SEPARADO<\/em><\/strong><\/p>\n","protected":false},"featured_media":753,"template":"","meta":[],"product_brand":[],"product_cat":[36],"product_tag":[],"class_list":{"0":"post-751","1":"product","2":"type-product","3":"status-publish","4":"has-post-thumbnail","6":"product_cat-tienda","8":"first","9":"instock","10":"taxable","11":"shipping-taxable","12":"product-type-simple"},"_links":{"self":[{"href":"https:\/\/pragmadesign.com.ar\/eshop\/wp-json\/wp\/v2\/product\/751","targetHints":{"allow":["GET"]}}],"collection":[{"href":"https:\/\/pragmadesign.com.ar\/eshop\/wp-json\/wp\/v2\/product"}],"about":[{"href":"https:\/\/pragmadesign.com.ar\/eshop\/wp-json\/wp\/v2\/types\/product"}],"wp:featuredmedia":[{"embeddable":true,"href":"https:\/\/pragmadesign.com.ar\/eshop\/wp-json\/wp\/v2\/media\/753"}],"wp:attachment":[{"href":"https:\/\/pragmadesign.com.ar\/eshop\/wp-json\/wp\/v2\/media?parent=751"}],"wp:term":[{"taxonomy":"product_brand","embeddable":true,"href":"https:\/\/pragmadesign.com.ar\/eshop\/wp-json\/wp\/v2\/product_brand?post=751"},{"taxonomy":"product_cat","embeddable":true,"href":"https:\/\/pragmadesign.com.ar\/eshop\/wp-json\/wp\/v2\/product_cat?post=751"},{"taxonomy":"product_tag","embeddable":true,"href":"https:\/\/pragmadesign.com.ar\/eshop\/wp-json\/wp\/v2\/product_tag?post=751"}],"curies":[{"name":"wp","href":"https:\/\/api.w.org\/{rel}","templated":true}]}}