{"id":777,"date":"2023-03-21T11:54:39","date_gmt":"2023-03-21T11:54:39","guid":{"rendered":"https:\/\/pragmadesign.com.ar\/eshop\/?post_type=product&#038;p=777"},"modified":"2023-03-21T11:54:39","modified_gmt":"2023-03-21T11:54:39","slug":"peliculas-graficas-positivos-negativos-p-offset","status":"publish","type":"product","link":"https:\/\/pragmadesign.com.ar\/eshop\/producto\/peliculas-graficas-positivos-negativos-p-offset\/","title":{"rendered":"Pel\u00edculas Graficas Positivos Negativos P\/ Offset"},"content":{"rendered":"<p class=\"ui-pdp-description__content\">Servicio de pel\u00edculas grandes<\/p>\n<p class=\"ui-pdp-description__content\">hasta 1,30 metros de ancho por el largo que necesites<\/p>\n<p class=\"ui-pdp-description__content\">\nPel\u00edculas para estamper\u00eda, flexograf\u00eda, offset, tampograf\u00eda, serigraf\u00eda, etc.<\/p>\n<p>Filmar Preimpresi\u00f3n<\/p>\n","protected":false},"excerpt":{"rendered":"<p class=\"ui-pdp-description__content\">Servicio de pel\u00edculas grandes<\/p>\n<p class=\"ui-pdp-description__content\">hasta 1,30 metros de ancho por el largo que necesites<\/p>\n<p class=\"ui-pdp-description__content\">\nPel\u00edculas para estamper\u00eda, flexograf\u00eda, offset, tampograf\u00eda, serigraf\u00eda, etc.<\/p>\n<p>Filmar Preimpresi\u00f3n<\/p>\n","protected":false},"featured_media":778,"template":"","meta":[],"product_brand":[],"product_cat":[36],"product_tag":[],"class_list":{"0":"post-777","1":"product","2":"type-product","3":"status-publish","4":"has-post-thumbnail","6":"product_cat-tienda","8":"first","9":"instock","10":"taxable","11":"shipping-taxable","12":"product-type-simple"},"_links":{"self":[{"href":"https:\/\/pragmadesign.com.ar\/eshop\/wp-json\/wp\/v2\/product\/777","targetHints":{"allow":["GET"]}}],"collection":[{"href":"https:\/\/pragmadesign.com.ar\/eshop\/wp-json\/wp\/v2\/product"}],"about":[{"href":"https:\/\/pragmadesign.com.ar\/eshop\/wp-json\/wp\/v2\/types\/product"}],"wp:featuredmedia":[{"embeddable":true,"href":"https:\/\/pragmadesign.com.ar\/eshop\/wp-json\/wp\/v2\/media\/778"}],"wp:attachment":[{"href":"https:\/\/pragmadesign.com.ar\/eshop\/wp-json\/wp\/v2\/media?parent=777"}],"wp:term":[{"taxonomy":"product_brand","embeddable":true,"href":"https:\/\/pragmadesign.com.ar\/eshop\/wp-json\/wp\/v2\/product_brand?post=777"},{"taxonomy":"product_cat","embeddable":true,"href":"https:\/\/pragmadesign.com.ar\/eshop\/wp-json\/wp\/v2\/product_cat?post=777"},{"taxonomy":"product_tag","embeddable":true,"href":"https:\/\/pragmadesign.com.ar\/eshop\/wp-json\/wp\/v2\/product_tag?post=777"}],"curies":[{"name":"wp","href":"https:\/\/api.w.org\/{rel}","templated":true}]}}