{"id":833,"date":"2023-10-07T14:30:23","date_gmt":"2023-10-07T14:30:23","guid":{"rendered":"https:\/\/pragmadesign.com.ar\/eshop\/?post_type=product&#038;p=833"},"modified":"2023-10-07T14:31:09","modified_gmt":"2023-10-07T14:31:09","slug":"boton-prendedor-pin","status":"publish","type":"product","link":"https:\/\/pragmadesign.com.ar\/eshop\/producto\/boton-prendedor-pin\/","title":{"rendered":"BOTON PRENDEDOR PIN"},"content":{"rendered":"<p>PEDIDO MINIMO 50 UNIDADES<\/p>\n<p>&nbsp;<\/p>\n<p>Todo tipo de im\u00e1genes, publicidades, campa\u00f1as, fotos, identificaci\u00f3n personal o de mascotas, eventos, egresados, actos escolares, campamentos, encuentros, clubes, souvenirs, fiestas, bares y restaurantes.<\/p>\n<p>Realizamos los pines a personalizados, con la foto o imagen que desee, consulte precios y medidas.<\/p>\n<p>&nbsp;<\/p>\n<p><a class=\"restore-pointer-events\" href=\"https:\/\/www.mundopines.com.ar\/?gclid=CjwKCAjwg4SpBhAKEiwAdyLwvF7xsHBT96rU_dUY4fLfkfwuX8TbMwdDSOEG9uy6pTVppgvamdPUPBoC2e0QAvD_BwE#!\/-pin-prendedor\/\" data-bind=\" snippetClickEnlace: $parent.enlace, template: { name: 'template-variants', data: { snippet: $parent, formattingElements: $parent.formattingElements() } }, style : { color: color }, css : $data.css \"><span data-bind=\"text: ko.unwrap( snippet.data.contenido )\">Medidas disponibles circulares de:<\/span><\/a><\/p>\n<p><a class=\"restore-pointer-events\" href=\"https:\/\/www.mundopines.com.ar\/?gclid=CjwKCAjwg4SpBhAKEiwAdyLwvF7xsHBT96rU_dUY4fLfkfwuX8TbMwdDSOEG9uy6pTVppgvamdPUPBoC2e0QAvD_BwE#!\/-pin-prendedor\/\" data-bind=\" snippetClickEnlace: $parent.enlace, template: { name: 'template-variants', data: { snippet: $parent, formattingElements: $parent.formattingElements() } }, style : { color: color }, css : $data.css \"><span data-bind=\"text: ko.unwrap( snippet.data.contenido )\"> \u2022 1\u201d (25mm)<\/span><\/a><\/p>\n<p><a class=\"restore-pointer-events\" href=\"https:\/\/www.mundopines.com.ar\/?gclid=CjwKCAjwg4SpBhAKEiwAdyLwvF7xsHBT96rU_dUY4fLfkfwuX8TbMwdDSOEG9uy6pTVppgvamdPUPBoC2e0QAvD_BwE#!\/-pin-prendedor\/\" data-bind=\" snippetClickEnlace: $parent.enlace, template: { name: 'template-variants', data: { snippet: $parent, formattingElements: $parent.formattingElements() } }, style : { color: color }, css : $data.css \"><span data-bind=\"text: ko.unwrap( snippet.data.contenido )\"> \u2022 1&#8243; \u00bc (32mm)<\/span><\/a><\/p>\n<p><a class=\"restore-pointer-events\" href=\"https:\/\/www.mundopines.com.ar\/?gclid=CjwKCAjwg4SpBhAKEiwAdyLwvF7xsHBT96rU_dUY4fLfkfwuX8TbMwdDSOEG9uy6pTVppgvamdPUPBoC2e0QAvD_BwE#!\/-pin-prendedor\/\" data-bind=\" snippetClickEnlace: $parent.enlace, template: { name: 'template-variants', data: { snippet: $parent, formattingElements: $parent.formattingElements() } }, style : { color: color }, css : $data.css \"><span data-bind=\"text: ko.unwrap( snippet.data.contenido )\"> \u2022 1 \u00bd\u00bb (38mm) <\/span><\/a><\/p>\n<p><a class=\"restore-pointer-events\" href=\"https:\/\/www.mundopines.com.ar\/?gclid=CjwKCAjwg4SpBhAKEiwAdyLwvF7xsHBT96rU_dUY4fLfkfwuX8TbMwdDSOEG9uy6pTVppgvamdPUPBoC2e0QAvD_BwE#!\/-pin-prendedor\/\" data-bind=\" snippetClickEnlace: $parent.enlace, template: { name: 'template-variants', data: { snippet: $parent, formattingElements: $parent.formattingElements() } }, style : { color: color }, css : $data.css \"><span data-bind=\"text: ko.unwrap( snippet.data.contenido )\">\u2022 1 \u00be\u201d (44mm)<\/span><\/a><\/p>\n<p><a class=\"restore-pointer-events\" href=\"https:\/\/www.mundopines.com.ar\/?gclid=CjwKCAjwg4SpBhAKEiwAdyLwvF7xsHBT96rU_dUY4fLfkfwuX8TbMwdDSOEG9uy6pTVppgvamdPUPBoC2e0QAvD_BwE#!\/-pin-prendedor\/\" data-bind=\" snippetClickEnlace: $parent.enlace, template: { name: 'template-variants', data: { snippet: $parent, formattingElements: $parent.formattingElements() } }, style : { color: color }, css : $data.css \"><span data-bind=\"text: ko.unwrap( snippet.data.contenido )\"> \u2022 2 \u00bc\u201d (56mm) <\/span><\/a><\/p>\n<p><a class=\"restore-pointer-events\" href=\"https:\/\/www.mundopines.com.ar\/?gclid=CjwKCAjwg4SpBhAKEiwAdyLwvF7xsHBT96rU_dUY4fLfkfwuX8TbMwdDSOEG9uy6pTVppgvamdPUPBoC2e0QAvD_BwE#!\/-pin-prendedor\/\" data-bind=\" snippetClickEnlace: $parent.enlace, template: { name: 'template-variants', data: { snippet: $parent, formattingElements: $parent.formattingElements() } }, style : { color: color }, css : $data.css \"><span data-bind=\"text: ko.unwrap( snippet.data.contenido )\">\u2022 2 \u00bd\u00bb (63mm)<\/span><\/a><\/p>\n<p><a class=\"restore-pointer-events\" href=\"https:\/\/www.mundopines.com.ar\/?gclid=CjwKCAjwg4SpBhAKEiwAdyLwvF7xsHBT96rU_dUY4fLfkfwuX8TbMwdDSOEG9uy6pTVppgvamdPUPBoC2e0QAvD_BwE#!\/-pin-prendedor\/\" data-bind=\" snippetClickEnlace: $parent.enlace, template: { name: 'template-variants', data: { snippet: $parent, formattingElements: $parent.formattingElements() } }, style : { color: color }, css : $data.css \"><span data-bind=\"text: ko.unwrap( snippet.data.contenido )\"> \u2022 3&#8243; (75mm)<\/span><\/a><\/p>\n<p>TAMBIEN<\/p>\n<h2 class=\"restore-pointer-events\" data-bind=\" style : $root.getSnippetStyle ? $root.getSnippetStyle( $parent ) : $parent.getStyle(), fontsize: ( $root.getSnippetStyle ? $root.getSnippetStyle( $parent ) : $parent.getStyle() ).fontSize, css: $parent.fixBtnCss(ko.unwrap($data.css)), template: { name: 'template-variants', data: { snippet: $parent, formattingElements: $parent.formattingElements() } }, textfill: false &amp;&amp; $root.window.visiblePhone()\"><span data-bind=\"text: ko.unwrap( snippet.data.contenido )\">Pin llavero<\/span><\/h2>\n<h2 class=\"restore-pointer-events\" data-bind=\" style : $root.getSnippetStyle ? $root.getSnippetStyle( $parent ) : $parent.getStyle(), fontsize: ( $root.getSnippetStyle ? $root.getSnippetStyle( $parent ) : $parent.getStyle() ).fontSize, css: $parent.fixBtnCss(ko.unwrap($data.css)), template: { name: 'template-variants', data: { snippet: $parent, formattingElements: $parent.formattingElements() } }, textfill: false &amp;&amp; $root.window.visiblePhone()\"><span data-bind=\"text: ko.unwrap( snippet.data.contenido )\">Pin IMAN<\/span><\/h2>\n<h2 class=\"restore-pointer-events\" data-bind=\" style : $root.getSnippetStyle ? $root.getSnippetStyle( $parent ) : $parent.getStyle(), fontsize: ( $root.getSnippetStyle ? $root.getSnippetStyle( $parent ) : $parent.getStyle() ).fontSize, css: $parent.fixBtnCss(ko.unwrap($data.css)), template: { name: 'template-variants', data: { snippet: $parent, formattingElements: $parent.formattingElements() } }, textfill: false &amp;&amp; $root.window.visiblePhone()\"><span data-bind=\"text: ko.unwrap( snippet.data.contenido )\">Pin DESTAPADOR<\/span><\/h2>\n<p>&nbsp;<\/p>\n","protected":false},"excerpt":{"rendered":"<p>PEDIDO MINIMO 50 UNIDADES<\/p>\n<p>Todo tipo de im\u00e1genes, publicidades, campa\u00f1as, fotos, identificaci\u00f3n personal o de mascotas, eventos, egresados, actos escolares, campamentos, encuentros, clubes, souvenirs, fiestas, bares y restaurantes.<\/p>\n<p>Realizamos los pines a personalizados, con la foto o imagen que desee, consulte precios y medidas.<\/p>\n<p>&nbsp;<\/p>\n<p><a class=\"restore-pointer-events\" href=\"https:\/\/www.mundopines.com.ar\/?gclid=CjwKCAjwg4SpBhAKEiwAdyLwvF7xsHBT96rU_dUY4fLfkfwuX8TbMwdDSOEG9uy6pTVppgvamdPUPBoC2e0QAvD_BwE#!\/-pin-prendedor\/\" data-bind=\" snippetClickEnlace: $parent.enlace, template: { name: 'template-variants', data: { snippet: $parent, formattingElements: $parent.formattingElements() } }, style : { color: color }, css : $data.css \"><span data-bind=\"text: ko.unwrap( snippet.data.contenido )\">Medidas disponibles circulares de:<\/span><\/a><\/p>\n<p><a class=\"restore-pointer-events\" href=\"https:\/\/www.mundopines.com.ar\/?gclid=CjwKCAjwg4SpBhAKEiwAdyLwvF7xsHBT96rU_dUY4fLfkfwuX8TbMwdDSOEG9uy6pTVppgvamdPUPBoC2e0QAvD_BwE#!\/-pin-prendedor\/\" data-bind=\" snippetClickEnlace: $parent.enlace, template: { name: 'template-variants', data: { snippet: $parent, formattingElements: $parent.formattingElements() } }, style : { color: color }, css : $data.css \"><span data-bind=\"text: ko.unwrap( snippet.data.contenido )\"> \u2022 1\u201d (25mm)<\/span><\/a><\/p>\n<p><a class=\"restore-pointer-events\" href=\"https:\/\/www.mundopines.com.ar\/?gclid=CjwKCAjwg4SpBhAKEiwAdyLwvF7xsHBT96rU_dUY4fLfkfwuX8TbMwdDSOEG9uy6pTVppgvamdPUPBoC2e0QAvD_BwE#!\/-pin-prendedor\/\" data-bind=\" snippetClickEnlace: $parent.enlace, template: { name: 'template-variants', data: { snippet: $parent, formattingElements: $parent.formattingElements() } }, style : { color: color }, css : $data.css \"><span data-bind=\"text: ko.unwrap( snippet.data.contenido )\"> \u2022 1&#8243; \u00bc (32mm)<\/span><\/a><\/p>\n<p><a class=\"restore-pointer-events\" href=\"https:\/\/www.mundopines.com.ar\/?gclid=CjwKCAjwg4SpBhAKEiwAdyLwvF7xsHBT96rU_dUY4fLfkfwuX8TbMwdDSOEG9uy6pTVppgvamdPUPBoC2e0QAvD_BwE#!\/-pin-prendedor\/\" data-bind=\" snippetClickEnlace: $parent.enlace, template: { name: 'template-variants', data: { snippet: $parent, formattingElements: $parent.formattingElements() } }, style : { color: color }, css : $data.css \"><span data-bind=\"text: ko.unwrap( snippet.data.contenido )\"> \u2022 1 \u00bd\u00bb (38mm) <\/span><\/a><\/p>\n<p><a class=\"restore-pointer-events\" href=\"https:\/\/www.mundopines.com.ar\/?gclid=CjwKCAjwg4SpBhAKEiwAdyLwvF7xsHBT96rU_dUY4fLfkfwuX8TbMwdDSOEG9uy6pTVppgvamdPUPBoC2e0QAvD_BwE#!\/-pin-prendedor\/\" data-bind=\" snippetClickEnlace: $parent.enlace, template: { name: 'template-variants', data: { snippet: $parent, formattingElements: $parent.formattingElements() } }, style : { color: color }, css : $data.css \"><span data-bind=\"text: ko.unwrap( snippet.data.contenido )\">\u2022 1 \u00be\u201d (44mm)<\/span><\/a><\/p>\n<p><a class=\"restore-pointer-events\" href=\"https:\/\/www.mundopines.com.ar\/?gclid=CjwKCAjwg4SpBhAKEiwAdyLwvF7xsHBT96rU_dUY4fLfkfwuX8TbMwdDSOEG9uy6pTVppgvamdPUPBoC2e0QAvD_BwE#!\/-pin-prendedor\/\" data-bind=\" snippetClickEnlace: $parent.enlace, template: { name: 'template-variants', data: { snippet: $parent, formattingElements: $parent.formattingElements() } }, style : { color: color }, css : $data.css \"><span data-bind=\"text: ko.unwrap( snippet.data.contenido )\"> \u2022 2 \u00bc\u201d (56mm) <\/span><\/a><\/p>\n<p><a class=\"restore-pointer-events\" href=\"https:\/\/www.mundopines.com.ar\/?gclid=CjwKCAjwg4SpBhAKEiwAdyLwvF7xsHBT96rU_dUY4fLfkfwuX8TbMwdDSOEG9uy6pTVppgvamdPUPBoC2e0QAvD_BwE#!\/-pin-prendedor\/\" data-bind=\" snippetClickEnlace: $parent.enlace, template: { name: 'template-variants', data: { snippet: $parent, formattingElements: $parent.formattingElements() } }, style : { color: color }, css : $data.css \"><span data-bind=\"text: ko.unwrap( snippet.data.contenido )\">\u2022 2 \u00bd\u00bb (63mm)<\/span><\/a><\/p>\n<p><a class=\"restore-pointer-events\" href=\"https:\/\/www.mundopines.com.ar\/?gclid=CjwKCAjwg4SpBhAKEiwAdyLwvF7xsHBT96rU_dUY4fLfkfwuX8TbMwdDSOEG9uy6pTVppgvamdPUPBoC2e0QAvD_BwE#!\/-pin-prendedor\/\" data-bind=\" snippetClickEnlace: $parent.enlace, template: { name: 'template-variants', data: { snippet: $parent, formattingElements: $parent.formattingElements() } }, style : { color: color }, css : $data.css \"><span data-bind=\"text: ko.unwrap( snippet.data.contenido )\"> \u2022 3&#8243; (75mm)<\/span><\/a><\/p>\n<p>TAMBIEN<\/p>\n<h2 class=\"restore-pointer-events\" data-bind=\" style : $root.getSnippetStyle ? $root.getSnippetStyle( $parent ) : $parent.getStyle(), fontsize: ( $root.getSnippetStyle ? $root.getSnippetStyle( $parent ) : $parent.getStyle() ).fontSize, css: $parent.fixBtnCss(ko.unwrap($data.css)), template: { name: 'template-variants', data: { snippet: $parent, formattingElements: $parent.formattingElements() } }, textfill: false &amp;&amp; $root.window.visiblePhone()\"><span data-bind=\"text: ko.unwrap( snippet.data.contenido )\">Pin llavero<\/span><\/h2>\n<h2 class=\"restore-pointer-events\" data-bind=\" style : $root.getSnippetStyle ? $root.getSnippetStyle( $parent ) : $parent.getStyle(), fontsize: ( $root.getSnippetStyle ? $root.getSnippetStyle( $parent ) : $parent.getStyle() ).fontSize, css: $parent.fixBtnCss(ko.unwrap($data.css)), template: { name: 'template-variants', data: { snippet: $parent, formattingElements: $parent.formattingElements() } }, textfill: false &amp;&amp; $root.window.visiblePhone()\"><span data-bind=\"text: ko.unwrap( snippet.data.contenido )\">Pin IMAN<\/span><\/h2>\n<h2 class=\"restore-pointer-events\" data-bind=\" style : $root.getSnippetStyle ? $root.getSnippetStyle( $parent ) : $parent.getStyle(), fontsize: ( $root.getSnippetStyle ? $root.getSnippetStyle( $parent ) : $parent.getStyle() ).fontSize, css: $parent.fixBtnCss(ko.unwrap($data.css)), template: { name: 'template-variants', data: { snippet: $parent, formattingElements: $parent.formattingElements() } }, textfill: false &amp;&amp; $root.window.visiblePhone()\"><span data-bind=\"text: ko.unwrap( snippet.data.contenido )\">Pin DESTAPADOR<\/span><\/h2>\n<p>&nbsp;<\/p>\n","protected":false},"featured_media":834,"template":"","meta":[],"product_brand":[],"product_cat":[36],"product_tag":[],"class_list":{"0":"post-833","1":"product","2":"type-product","3":"status-publish","4":"has-post-thumbnail","6":"product_cat-tienda","8":"first","9":"instock","10":"taxable","11":"shipping-taxable","12":"product-type-simple"},"_links":{"self":[{"href":"https:\/\/pragmadesign.com.ar\/eshop\/wp-json\/wp\/v2\/product\/833","targetHints":{"allow":["GET"]}}],"collection":[{"href":"https:\/\/pragmadesign.com.ar\/eshop\/wp-json\/wp\/v2\/product"}],"about":[{"href":"https:\/\/pragmadesign.com.ar\/eshop\/wp-json\/wp\/v2\/types\/product"}],"wp:featuredmedia":[{"embeddable":true,"href":"https:\/\/pragmadesign.com.ar\/eshop\/wp-json\/wp\/v2\/media\/834"}],"wp:attachment":[{"href":"https:\/\/pragmadesign.com.ar\/eshop\/wp-json\/wp\/v2\/media?parent=833"}],"wp:term":[{"taxonomy":"product_brand","embeddable":true,"href":"https:\/\/pragmadesign.com.ar\/eshop\/wp-json\/wp\/v2\/product_brand?post=833"},{"taxonomy":"product_cat","embeddable":true,"href":"https:\/\/pragmadesign.com.ar\/eshop\/wp-json\/wp\/v2\/product_cat?post=833"},{"taxonomy":"product_tag","embeddable":true,"href":"https:\/\/pragmadesign.com.ar\/eshop\/wp-json\/wp\/v2\/product_tag?post=833"}],"curies":[{"name":"wp","href":"https:\/\/api.w.org\/{rel}","templated":true}]}}