{"id":950,"date":"2025-07-13T21:31:49","date_gmt":"2025-07-13T21:31:49","guid":{"rendered":"https:\/\/pragmadesign.com.ar\/eshop\/?post_type=product&#038;p=950"},"modified":"2025-07-13T21:31:49","modified_gmt":"2025-07-13T21:31:49","slug":"film-alimentos","status":"publish","type":"product","link":"https:\/\/pragmadesign.com.ar\/eshop\/producto\/film-alimentos\/","title":{"rendered":"FILM alimentos"},"content":{"rendered":"<p>FILM PVC ALIMENTICIO DE 30, 38 Y 45 CM El Film de PVC alimenticio es una pel\u00edcula estirable de alta transparencia fabricada a base de polietileno de baja densidad que se utiliza para el recubrimiento de distintos productos previamente envasados o semi envasados conserv\u00e1ndolos por mayor tiempo. VENTAJAS DEL FILM DE PVC ALIMENTICIO \u2022 NO ES T\u00d3XICO, ideal para envolver productos alimenticios, es estirable y de f\u00e1cil manipulaci\u00f3n. \u2022 Su poder aislante impide la contaminaci\u00f3n de los productos, alargando su vida \u00fatil. \u2022 Permite envolver los productos de una forma muy c\u00f3moda, adem\u00e1s de simular un efecto vac\u00edo que permite ver el estado de los productos, ayudando a identificarlos y controlar el estado de los mismos. \u2022 Permite envolver tus productos de una forma m\u00e1s econ\u00f3mica, asegurando la m\u00e1xima protecci\u00f3n y reduciendo desperdicios. \u2022 El film de PVC alimenticio est\u00e1 aprobado por SENASA. \u2022 Es un producto reciclable. \u2022 Es un producto apto para FREEZER \u2022 Es un producto apto para MICROONDAS<\/p>\n","protected":false},"excerpt":{"rendered":"<p>FILM PVC ALIMENTICIO DE 30, 38 Y 45 CM El Film de PVC alimenticio es una pel\u00edcula estirable de alta transparencia fabricada a base de polietileno de baja densidad que se utiliza para el recubrimiento de distintos productos previamente envasados o semi envasados conserv\u00e1ndolos por mayor tiempo. VENTAJAS DEL FILM DE PVC ALIMENTICIO \u2022 NO ES T\u00d3XICO, ideal para envolver productos alimenticios, es estirable y de f\u00e1cil manipulaci\u00f3n. \u2022 Su poder aislante impide la contaminaci\u00f3n de los productos, alargando su vida \u00fatil. \u2022 Permite envolver los productos de una forma muy c\u00f3moda, adem\u00e1s de simular un efecto vac\u00edo que permite ver el estado de los productos, ayudando a identificarlos y controlar el estado de los mismos. \u2022 Permite envolver tus productos de una forma m\u00e1s econ\u00f3mica, asegurando la m\u00e1xima protecci\u00f3n y reduciendo desperdicios. \u2022 El film de PVC alimenticio est\u00e1 aprobado por SENASA. \u2022 Es un producto reciclable. \u2022 Es un producto apto para FREEZER \u2022 Es un producto apto para MICROONDAS<\/p>\n","protected":false},"featured_media":951,"template":"","meta":[],"product_brand":[],"product_cat":[36],"product_tag":[],"class_list":{"0":"post-950","1":"product","2":"type-product","3":"status-publish","4":"has-post-thumbnail","6":"product_cat-tienda","8":"first","9":"instock","10":"taxable","11":"shipping-taxable","12":"product-type-simple"},"_links":{"self":[{"href":"https:\/\/pragmadesign.com.ar\/eshop\/wp-json\/wp\/v2\/product\/950","targetHints":{"allow":["GET"]}}],"collection":[{"href":"https:\/\/pragmadesign.com.ar\/eshop\/wp-json\/wp\/v2\/product"}],"about":[{"href":"https:\/\/pragmadesign.com.ar\/eshop\/wp-json\/wp\/v2\/types\/product"}],"wp:featuredmedia":[{"embeddable":true,"href":"https:\/\/pragmadesign.com.ar\/eshop\/wp-json\/wp\/v2\/media\/951"}],"wp:attachment":[{"href":"https:\/\/pragmadesign.com.ar\/eshop\/wp-json\/wp\/v2\/media?parent=950"}],"wp:term":[{"taxonomy":"product_brand","embeddable":true,"href":"https:\/\/pragmadesign.com.ar\/eshop\/wp-json\/wp\/v2\/product_brand?post=950"},{"taxonomy":"product_cat","embeddable":true,"href":"https:\/\/pragmadesign.com.ar\/eshop\/wp-json\/wp\/v2\/product_cat?post=950"},{"taxonomy":"product_tag","embeddable":true,"href":"https:\/\/pragmadesign.com.ar\/eshop\/wp-json\/wp\/v2\/product_tag?post=950"}],"curies":[{"name":"wp","href":"https:\/\/api.w.org\/{rel}","templated":true}]}}